{"id":833,"date":"2025-06-05T14:11:09","date_gmt":"2025-06-05T14:11:09","guid":{"rendered":"https:\/\/usa.coicom.com\/?page_id=833"},"modified":"2025-06-12T16:51:48","modified_gmt":"2025-06-12T16:51:48","slug":"dia-3","status":"publish","type":"page","link":"https:\/\/usa.coicom.com\/index.php\/dia-3\/","title":{"rendered":"Dia 3"},"content":{"rendered":"\t\t<div data-elementor-type=\"wp-page\" data-elementor-id=\"833\" class=\"elementor elementor-833\">\n\t\t\t\t<div class=\"elementor-element elementor-element-15346d7 e-flex e-con-boxed e-con e-parent\" data-id=\"15346d7\" data-element_type=\"container\" data-e-type=\"container\">\n\t\t\t\t\t<div class=\"e-con-inner\">\n\t\t\t\t<div class=\"elementor-element elementor-element-0078227 elementor-widget elementor-widget-heading\" data-id=\"0078227\" data-element_type=\"widget\" data-e-type=\"widget\" data-widget_type=\"heading.default\">\n\t\t\t\t<div class=\"elementor-widget-container\">\n\t\t\t\t\t<h2 class=\"elementor-heading-title elementor-size-default\">MI\u00c9RCOLES 25<\/h2>\t\t\t\t<\/div>\n\t\t\t\t<\/div>\n\t\t\t\t<div class=\"elementor-element elementor-element-bb761dc elementor-widget-divider--view-line elementor-widget elementor-widget-divider\" data-id=\"bb761dc\" data-element_type=\"widget\" data-e-type=\"widget\" data-widget_type=\"divider.default\">\n\t\t\t\t<div class=\"elementor-widget-container\">\n\t\t\t\t\t\t\t<div class=\"elementor-divider\">\n\t\t\t<span class=\"elementor-divider-separator\">\n\t\t\t\t\t\t<\/span>\n\t\t<\/div>\n\t\t\t\t\t\t<\/div>\n\t\t\t\t<\/div>\n\t\t\t\t\t<\/div>\n\t\t\t\t<\/div>\n\t\t<div class=\"elementor-element elementor-element-f8b4b7a e-flex e-con-boxed e-con e-parent\" data-id=\"f8b4b7a\" data-element_type=\"container\" data-e-type=\"container\">\n\t\t\t\t\t<div class=\"e-con-inner\">\n\t\t\t\t<div class=\"elementor-element elementor-element-e602e8f elementor-widget elementor-widget-timeline-widget-addon\" data-id=\"e602e8f\" data-element_type=\"widget\" data-e-type=\"widget\" data-widget_type=\"timeline-widget-addon.default\">\n\t\t\t\t<div class=\"elementor-widget-container\">\n\t\t\t\t\t<!-- ========= Timeline Widget Addon For Elementor 1.6.24 ========= -->\n<div id=\"twae-wrapper-e602e8f\" class=\"twae-vertical twae-wrapper  twae-vertical-right\">   \n    <div class=\"twae-start\"><\/div>    \n    <div id=\"twea-timeline-e602e8f\" class=\"twae-timeline\" ><!-- Start of Story Repeater Content --><div id=\"story-2c965ba\" class=\"twae-story twae-repeater-item twae-story-right twae-story-no-icon\"><!-- Story Label --><div class=\"twae-labels\"><div class=\"twae-label-big\">09:00 AM<\/div><div class=\"twae-label-small\">MI\u00c9RCOLES 25<\/div><\/div><!-- Story Icon --><div class=\"twae-icon\"><i aria-hidden=\"true\" class=\"far fa-clock\"><\/i><\/div><!-- Story Arrow --><div class=\"twae-arrow\"><\/div><!-- Start of Story Content --><div class=\"twae-content\"><!-- Story Title --><div class=\"twae-title\">Apertura FEXPOCOM<\/div><\/div><\/div><!-- Start of Story Repeater Content --><div id=\"story-7248c77\" class=\"twae-story twae-repeater-item twae-story-right twae-story-no-icon\"><!-- Story Label --><div class=\"twae-labels\"><div class=\"twae-label-big\">09:30 AM - 10:30 AM<\/div><div class=\"twae-label-small\">MI\u00c9RCOLES 25<\/div><\/div><!-- Story Icon --><div class=\"twae-icon\"><i aria-hidden=\"true\" class=\"far fa-clock\"><\/i><\/div><!-- Story Arrow --><div class=\"twae-arrow\"><\/div><!-- Start of Story Content --><div class=\"twae-content\"><!-- Story Title --><div class=\"twae-title\">PLENARIA 4<\/div><!-- Story Description --><div class=\"twae-description\"><h3><strong>Tema: Transici\u00f3n<\/strong><\/h3><ul><li><strong>Orador<\/strong>: Roberto Orellana<\/li><li><strong>M\u00fasica<\/strong>: RED Worship<\/li><li><strong>Patrocinador<\/strong>: Jorge S\u00e1nchez Ministries<\/li><li><strong>Sal\u00f3n<\/strong>: Auditorio Principal<\/li><\/ul><\/div><\/div><\/div><!-- Start of Story Repeater Content --><div id=\"story-337934e\" class=\"twae-story twae-repeater-item twae-story-right twae-story-no-icon\"><!-- Story Label --><div class=\"twae-labels\"><div class=\"twae-label-big\">10:30 AM - 11:00 AM<\/div><div class=\"twae-label-small\">MI\u00c9RCOLES 25<\/div><\/div><!-- Story Icon --><div class=\"twae-icon\"><i aria-hidden=\"true\" class=\"far fa-clock\"><\/i><\/div><!-- Story Arrow --><div class=\"twae-arrow\"><\/div><!-- Start of Story Content --><div class=\"twae-content\"><!-- Story Title --><div class=\"twae-title\">RECESO<\/div><\/div><\/div><!-- Start of Story Repeater Content --><div id=\"story-a56a399\" class=\"twae-story twae-repeater-item twae-story-right twae-story-no-icon\"><!-- Story Label --><div class=\"twae-labels\"><div class=\"twae-label-big\">11:00 AM - 12:00 PM<\/div><div class=\"twae-label-small\">MI\u00c9RCOLES 25<\/div><\/div><!-- Story Icon --><div class=\"twae-icon\"><i aria-hidden=\"true\" class=\"far fa-clock\"><\/i><\/div><!-- Story Arrow --><div class=\"twae-arrow\"><\/div><!-- Start of Story Content --><div class=\"twae-content\"><!-- Story Title --><div class=\"twae-title\">COICOM TALK 2<\/div><!-- Story Description --><div class=\"twae-description\"><ol><li><strong>Verdades inc\u00f3modas sobre la transformaci\u00f3n de la esfera de pol\u00edtica y gobierno: <\/strong>Napole\u00f3n Ardaya<\/li><li><strong>La importancia del proceso creativo: <\/strong>Ray Rodriguez<\/li><\/ol><p><strong>Sal\u00f3n<\/strong>: Auditorio Principal<\/p><\/div><\/div><\/div><!-- Start of Story Repeater Content --><div id=\"story-94a194b\" class=\"twae-story twae-repeater-item twae-story-right twae-story-no-icon\"><!-- Story Label --><div class=\"twae-labels\"><div class=\"twae-label-big\">12:00 PM - 01:30 PM<\/div><div class=\"twae-label-small\">MI\u00c9RCOLES 25<\/div><\/div><!-- Story Icon --><div class=\"twae-icon\"><i aria-hidden=\"true\" class=\"far fa-clock\"><\/i><\/div><!-- Story Arrow --><div class=\"twae-arrow\"><\/div><!-- Start of Story Content --><div class=\"twae-content\"><!-- Story Title --><div class=\"twae-title\">TIEMPO DE ALMUERZO<\/div><!-- Story Description --><div class=\"twae-description\"><h3><strong>Almuerzo de Pastores auspiciado por Hope of Life <\/strong><\/h3><ul><li><strong><u>NOTA<\/u><\/strong><strong>: Por Invitaci\u00f3n Solamente \u2013 Requiere Ticket<\/strong><\/li><li><strong>Conferencista<\/strong>: Carlos Vargas<\/li><li><strong>Sal\u00f3n<\/strong>: Majestic<\/li><\/ul><\/div><\/div><\/div><!-- Start of Story Repeater Content --><div id=\"story-5332da3\" class=\"twae-story twae-repeater-item twae-story-right twae-story-no-icon\"><!-- Story Label --><div class=\"twae-labels\"><div class=\"twae-label-big\">01:30 PM - 02:30 PM<\/div><div class=\"twae-label-small\">MI\u00c9RCOLES 25<\/div><\/div><!-- Story Icon --><div class=\"twae-icon\"><i aria-hidden=\"true\" class=\"far fa-clock\"><\/i><\/div><!-- Story Arrow --><div class=\"twae-arrow\"><\/div><!-- Start of Story Content --><div class=\"twae-content\"><!-- Story Title --><div class=\"twae-title\">PANEL F\u00d3RUM 2<\/div><!-- Story Description --><div class=\"twae-description\"><h3><strong>Tema: Liderazgo y Rendici\u00f3n de Cuentas<\/strong><\/h3><ul><li><strong>Conferencistas<\/strong>: Farid Ahmad; Carlos Vargas; Emilio L\u00f3pez; Katie Vargas<\/li><li><strong>Moderador<\/strong>: Mynor Vargas<\/li><li><strong>Sal\u00f3n<\/strong>: Auditorio Principal<\/li><\/ul><\/div><\/div><\/div><!-- Start of Story Repeater Content --><div id=\"story-d691af7\" class=\"twae-story twae-repeater-item twae-story-right twae-story-no-icon\"><!-- Story Label --><div class=\"twae-labels\"><div class=\"twae-label-big\">02:30 PM - 03:30 PM<\/div><div class=\"twae-label-small\">MI\u00c9RCOLES 25<\/div><\/div><!-- Story Icon --><div class=\"twae-icon\"><i aria-hidden=\"true\" class=\"far fa-clock\"><\/i><\/div><!-- Story Arrow --><div class=\"twae-arrow\"><\/div><!-- Start of Story Content --><div class=\"twae-content\"><!-- Story Title --><div class=\"twae-title\">RECESO<\/div><\/div><\/div><!-- Start of Story Repeater Content --><div id=\"story-369eaae\" class=\"twae-story twae-repeater-item twae-story-right twae-story-no-icon\"><!-- Story Label --><div class=\"twae-labels\"><div class=\"twae-label-big\">03:30 PM - 04:30 PM<\/div><div class=\"twae-label-small\">MI\u00c9RCOLES 25<\/div><\/div><!-- Story Icon --><div class=\"twae-icon\"><i aria-hidden=\"true\" class=\"far fa-clock\"><\/i><\/div><!-- Story Arrow --><div class=\"twae-arrow\"><\/div><!-- Start of Story Content --><div class=\"twae-content\"><!-- Story Title --><div class=\"twae-title\">TALLERES 3<\/div><!-- Story Description --><div class=\"twae-description\"><h3><strong>Tema: Como guardar el equilibrio entre Familia y Ministerio<\/strong><\/h3><ul><li><strong>Conferencistas<\/strong>: Roberto y Waleska Orellana<\/li><li><strong>Sal\u00f3n<\/strong>: Majestic<\/li><\/ul><hr \/><h3><strong>Tema: Incursionando en la Pol\u00edtica como Cristiano<\/strong><\/h3><ul><li><strong>Conferencistas<\/strong>: Mynor Vargas; Emilio L\u00f3pez<\/li><li><strong>Sal\u00f3n<\/strong>: Rebecca<\/li><\/ul><hr \/><h3><strong>Tema: Ser Speaker+ de influencia<\/strong><\/h3><ul><li><strong>Conferencista<\/strong>: Sonia Gonz\u00e1lez Boysen<\/li><li><strong>Sal\u00f3n<\/strong>: Pentecost\u00e9s<\/li><li><strong>Resumen<\/strong>: En este taller lograr\u00e1s el desarrollo de tus habilidades avanzadas -POWER SKILLS- de Comunicaci\u00f3n. Aprender\u00e1s como generar alto IMPACTO al comunicarte en p\u00fablico. Conseguir\u00e1s conectarte con tu PROP\u00d3SITO de ser luz para las naciones como Speaker + de INFLUENCIA positiva y consciente. Realizaremos el diagn\u00f3stico de tu EFECTO al comunicarte, seg\u00fan tu propio perfil y esencia personal.<\/li><\/ul><hr \/><h3><strong>Tema: Visa Religiosa: Fortaleciendo tu ministerio en los Estados Unidos<\/strong><\/h3><ul><li><strong>Conferencista<\/strong>: Yolanda Alcozer<\/li><li><strong>Sal\u00f3n<\/strong>: Sara<\/li><li><strong>Resumen<\/strong>:<p>Descubre como las visas religiosas pueden ayudarte a expandir tu misi\u00f3n en USA, atraer trabajadores religiosos y construir un equipo s\u00f3lido en tu iglesia. Aprende el proceso y requerimientos del procesamiento sin importar si estas adentro o fuera de USA.<\/p><\/li><\/ul><hr \/><h3><strong>Tema: Pasos esenciales para escribir canciones congregacionales (Parte 2)<\/strong><\/h3><ul><li><strong>Conferencista<\/strong>: Juan Salinas<\/li><li><strong>Sal\u00f3n<\/strong>: Gede\u00f3n<\/li><\/ul><hr \/><h3><strong>Tema: Fe y Futuro: Producci\u00f3n de Medios con Integridad e Inteligencia Artificial<\/strong><\/h3><ul><li><strong>Conferencista<\/strong>: Ray Rodr\u00edguez<\/li><li><strong>Sal\u00f3n<\/strong>: Abraham<\/li><li><strong>Resumen<\/strong>:<p>Explora c\u00f3mo producir contenido audiovisual con excelencia cristiana, utilizando inteligencia artificial de manera \u00e9tica. Este taller equipa a creadores y ministerios para integrar fe, innovaci\u00f3n y tecnolog\u00eda, llevando el mensaje del Evangelio con integridad al mundo digital.<\/p><\/li><\/ul><\/div><\/div><\/div><!-- Start of Story Repeater Content --><div id=\"story-5ffc1cd\" class=\"twae-story twae-repeater-item twae-story-right twae-story-no-icon\"><!-- Story Label --><div class=\"twae-labels\"><div class=\"twae-label-big\">04:30 PM - 05:00 PM<\/div><div class=\"twae-label-small\">MI\u00c9RCOLES 25<\/div><\/div><!-- Story Icon --><div class=\"twae-icon\"><i aria-hidden=\"true\" class=\"far fa-clock\"><\/i><\/div><!-- Story Arrow --><div class=\"twae-arrow\"><\/div><!-- Start of Story Content --><div class=\"twae-content\"><!-- Story Title --><div class=\"twae-title\">RECESO<\/div><\/div><\/div><!-- Start of Story Repeater Content --><div id=\"story-51050ef\" class=\"twae-story twae-repeater-item twae-story-right twae-story-no-icon\"><!-- Story Label --><div class=\"twae-labels\"><div class=\"twae-label-big\">05:00 PM - 06:00 PM<\/div><div class=\"twae-label-small\">MI\u00c9RCOLES 25<\/div><\/div><!-- Story Icon --><div class=\"twae-icon\"><i aria-hidden=\"true\" class=\"far fa-clock\"><\/i><\/div><!-- Story Arrow --><div class=\"twae-arrow\"><\/div><!-- Start of Story Content --><div class=\"twae-content\"><!-- Story Title --><div class=\"twae-title\">TALLERES 4<\/div><!-- Story Description --><div class=\"twae-description\"><h3><strong>Tema: Transparencia que honra a Dios y a nuestros donantes<\/strong><\/h3><ul><li><strong>Conferencistas<\/strong>: Katie Vargas; Farid Ahmad<\/li><li><strong>Sal\u00f3n<\/strong>: Majestic<\/li><li><strong>Resumen<\/strong>: Cuentas Claras, Iglesia Fuerte<\/li><\/ul><hr \/><h3><strong>Tema: Aprendiendo a comunicar el mensaje con excelencia<\/strong><\/h3><ul><li><strong>Conferencista<\/strong>: Jorge S\u00e1nchez<\/li><li><strong>Sal\u00f3n<\/strong>: Rebecca<\/li><li><strong>Resumen<\/strong>: La predicaci\u00f3n del Evangelio de Jesucristo es el coraz\u00f3n del ministerio cristiano. En este seminario el Dr. S\u00e1nchez le dar\u00e1 herramientas muy efectivas para llegar a ser un predicador excelente.<\/li><\/ul><hr \/><h3><strong>Tema: <\/strong><strong>\u2060<\/strong><strong>Iglesias digitales y en L<\/strong><strong>\u00ed<\/strong><strong>nea<\/strong><\/h3><ul><li><strong>Conferencista<\/strong>: Jorge El\u00edas S\u00e1nchez<\/li><li><strong>Sal\u00f3n<\/strong>: Pentecost\u00e9s<\/li><li><strong>Resumen<\/strong>: \u00bfC\u00f3mo alcanzar a las personas en el contexto de una comunidad en un mundo digital?<\/li><\/ul><hr \/><h3><span style=\"color: #ff0000\"><strong>CURSO ESPECIALIZACION IA<\/strong><\/span><\/h3><ul><li><strong><u>NOTA<\/u><\/strong><strong>:<\/strong> Este Curso con Certificaci\u00f3n tendr\u00e1 5 M\u00f3dulos: 2 Presenciales y 3 Online Post-COICOM 2025<\/li><\/ul><h4><strong>MODULO 2: El Secreto de la IA: Ingenier\u00eda de Instrucciones para Obtener Resultados Precisos<\/strong><\/h4><ul><li><strong>Conferencista<\/strong>: Vladimir Lugo<\/li><li><strong>Sal\u00f3n<\/strong>: Sara<\/li><li><strong>Resumen<\/strong>: Este m\u00f3dulo se enfocar\u00e1 en el arte y la ciencia de formular instrucciones efectivas para los modelos de inteligencia artificial. La \u201cingenier\u00eda de instrucciones\u201d es la clave para obtener respuestas de alta calidad y precisi\u00f3n de las herramientas de IA, como ChatGPT, DALL-E y otros sistemas avanzados. Los participantes aprender\u00e1n c\u00f3mo estructurar sus solicitudes de manera clara, espec\u00edfica y alineada con sus objetivos, maximizando as\u00ed los resultados que obtienen al interactuar con la IA.<\/li><\/ul><hr \/><h3><strong>Tema: Melod\u00edas de hoy: Taller de composici\u00f3n musical<\/strong><\/h3><ul><li><strong>Conferencista<\/strong>: Alex Soto<\/li><li><strong>Sal\u00f3n<\/strong>: Gede\u00f3n<\/li><li><strong>Resumen<\/strong>:<p>El prop\u00f3sito de este taller es proveer estrategias para generar ideas para canciones de manera creativa e intencional, y aprender sobre el arte de composici\u00f3n musical en la era moderna.<\/p><\/li><\/ul><hr \/><h3><strong>Tema: Inteligencia Artificial con prop\u00f3sito y discernimiento digital<\/strong><\/h3><ul><li><strong>Conferencista<\/strong>: Jos\u00e9 Alejandro S\u00e1nchez<\/li><li><strong>Sal\u00f3n<\/strong>: Abraham<\/li><li><strong>Resumen<\/strong>:<p>En la era de la IA, se necesita no solo habilidades t\u00e9cnicas, sino discernimiento para hacer lo bueno y lo correcto. Guiados por el amor al pr\u00f3jimo, necesitamos desarrollar y usar tecnolog\u00edas que promuevan la comunicaci\u00f3n con empat\u00eda y prop\u00f3sito.<\/p><\/li><\/ul><\/div><\/div><\/div><!-- Start of Story Repeater Content --><div id=\"story-a90bc6b\" class=\"twae-story twae-repeater-item twae-story-right twae-story-no-icon\"><!-- Story Label --><div class=\"twae-labels\"><div class=\"twae-label-big\">06:00 PM - 07:30 PM<\/div><div class=\"twae-label-small\">MI\u00c9RCOLES 25<\/div><\/div><!-- Story Icon --><div class=\"twae-icon\"><i aria-hidden=\"true\" class=\"far fa-clock\"><\/i><\/div><!-- Story Arrow --><div class=\"twae-arrow\"><\/div><!-- Start of Story Content --><div class=\"twae-content\"><!-- Story Title --><div class=\"twae-title\">TIEMPO DE CENA<\/div><\/div><\/div><!-- Start of Story Repeater Content --><div id=\"story-ace6a6a\" class=\"twae-story twae-repeater-item twae-story-right twae-story-no-icon\"><!-- Story Label --><div class=\"twae-labels\"><div class=\"twae-label-big\">07:30 PM - 09:00 PM<\/div><div class=\"twae-label-small\">MI\u00c9RCOLES 25<\/div><\/div><!-- Story Icon --><div class=\"twae-icon\"><i aria-hidden=\"true\" class=\"far fa-clock\"><\/i><\/div><!-- Story Arrow --><div class=\"twae-arrow\"><\/div><!-- Start of Story Content --><div class=\"twae-content\"><!-- Story Title --><div class=\"twae-title\">PLENARIA 5<\/div><!-- Story Description --><div class=\"twae-description\"><h3><strong>Tema: Perseverar<\/strong><\/h3><ul><li><strong>Orador<\/strong>: Ervin De Le\u00f3n; Alex Mej\u00eda<\/li><li><strong>M\u00fasica<\/strong>: PKCMC<\/li><li><strong>Patrocinadores<\/strong>: Alcozer Law Firm; Vacaciones con Vision; ISRAEL<\/li><li><strong>Sal\u00f3n<\/strong>: Auditorio Principal<\/li><\/ul><\/div><\/div><\/div><!-- Start of Story Repeater Content --><div id=\"story-dbf1df5\" class=\"twae-story twae-repeater-item twae-story-right twae-story-no-icon\"><!-- Story Label --><div class=\"twae-labels\"><div class=\"twae-label-big\">09:00 PM<\/div><div class=\"twae-label-small\">MI\u00c9RCOLES 25<\/div><\/div><!-- Story Icon --><div class=\"twae-icon\"><i aria-hidden=\"true\" class=\"far fa-clock\"><\/i><\/div><!-- Story Arrow --><div class=\"twae-arrow\"><\/div><!-- Start of Story Content --><div class=\"twae-content\"><!-- Story Title --><div class=\"twae-title\">Cierre de FEXPOCOM<\/div><\/div><\/div><\/div>\n    <div class=\"twae-end\"><\/div>\n    <\/div><style type=\"text\/css\">@media (max-width: 1024px){ .twae-wrapper{--tw-ybx-size: 80px !important;}}@media (max-width: 767px){ .twae-wrapper{--tw-ybx-size: 80px !important}}<\/style>\t\t\t\t<\/div>\n\t\t\t\t<\/div>\n\t\t\t\t\t<\/div>\n\t\t\t\t<\/div>\n\t\t<div class=\"elementor-element elementor-element-c6eb3b1 e-flex e-con-boxed e-con e-parent\" data-id=\"c6eb3b1\" data-element_type=\"container\" data-e-type=\"container\">\n\t\t\t\t\t<div class=\"e-con-inner\">\n\t\t\t\t<div class=\"elementor-element elementor-element-5773199 elementor-widget elementor-widget-spacer\" data-id=\"5773199\" data-element_type=\"widget\" data-e-type=\"widget\" data-widget_type=\"spacer.default\">\n\t\t\t\t<div class=\"elementor-widget-container\">\n\t\t\t\t\t\t\t<div class=\"elementor-spacer\">\n\t\t\t<div class=\"elementor-spacer-inner\"><\/div>\n\t\t<\/div>\n\t\t\t\t\t\t<\/div>\n\t\t\t\t<\/div>\n\t\t\t\t\t<\/div>\n\t\t\t\t<\/div>\n\t\t\t\t<\/div>\n\t\t","protected":false},"excerpt":{"rendered":"<p>MI\u00c9RCOLES 25 09:00 AMMI\u00c9RCOLES 25Apertura FEXPOCOM09:30 AM &#8211; 10:30 AMMI\u00c9RCOLES 25PLENARIA 4 Tema: Transici\u00f3n Orador: Roberto Orellana M\u00fasica: RED Worship [&hellip;]<\/p>\n","protected":false},"author":2,"featured_media":0,"parent":0,"menu_order":0,"comment_status":"closed","ping_status":"closed","template":"","meta":{"_eb_attr":"","site-sidebar-layout":"no-sidebar","site-content-layout":"","ast-site-content-layout":"full-width-container","site-content-style":"default","site-sidebar-style":"default","ast-global-header-display":"","ast-banner-title-visibility":"","ast-main-header-display":"","ast-hfb-above-header-display":"","ast-hfb-below-header-display":"","ast-hfb-mobile-header-display":"","site-post-title":"disabled","ast-breadcrumbs-content":"","ast-featured-img":"disabled","footer-sml-layout":"","ast-disable-related-posts":"","theme-transparent-header-meta":"","adv-header-id-meta":"","stick-header-meta":"","header-above-stick-meta":"","header-main-stick-meta":"","header-below-stick-meta":"","astra-migrate-meta-layouts":"default","ast-page-background-enabled":"default","ast-page-background-meta":{"desktop":{"background-color":"var(--ast-global-color-5)","background-image":"","background-repeat":"repeat","background-position":"center center","background-size":"auto","background-attachment":"scroll","background-type":"","background-media":"","overlay-type":"","overlay-color":"","overlay-opacity":"","overlay-gradient":""},"tablet":{"background-color":"","background-image":"","background-repeat":"repeat","background-position":"center center","background-size":"auto","background-attachment":"scroll","background-type":"","background-media":"","overlay-type":"","overlay-color":"","overlay-opacity":"","overlay-gradient":""},"mobile":{"background-color":"","background-image":"","background-repeat":"repeat","background-position":"center center","background-size":"auto","background-attachment":"scroll","background-type":"","background-media":"","overlay-type":"","overlay-color":"","overlay-opacity":"","overlay-gradient":""}},"ast-content-background-meta":{"desktop":{"background-color":"var(--ast-global-color-4)","background-image":"","background-repeat":"repeat","background-position":"center center","background-size":"auto","background-attachment":"scroll","background-type":"","background-media":"","overlay-type":"","overlay-color":"","overlay-opacity":"","overlay-gradient":""},"tablet":{"background-color":"var(--ast-global-color-4)","background-image":"","background-repeat":"repeat","background-position":"center center","background-size":"auto","background-attachment":"scroll","background-type":"","background-media":"","overlay-type":"","overlay-color":"","overlay-opacity":"","overlay-gradient":""},"mobile":{"background-color":"var(--ast-global-color-4)","background-image":"","background-repeat":"repeat","background-position":"center center","background-size":"auto","background-attachment":"scroll","background-type":"","background-media":"","overlay-type":"","overlay-color":"","overlay-opacity":"","overlay-gradient":""}},"footnotes":""},"class_list":["post-833","page","type-page","status-publish","hentry"],"_links":{"self":[{"href":"https:\/\/usa.coicom.com\/index.php\/wp-json\/wp\/v2\/pages\/833","targetHints":{"allow":["GET"]}}],"collection":[{"href":"https:\/\/usa.coicom.com\/index.php\/wp-json\/wp\/v2\/pages"}],"about":[{"href":"https:\/\/usa.coicom.com\/index.php\/wp-json\/wp\/v2\/types\/page"}],"author":[{"embeddable":true,"href":"https:\/\/usa.coicom.com\/index.php\/wp-json\/wp\/v2\/users\/2"}],"replies":[{"embeddable":true,"href":"https:\/\/usa.coicom.com\/index.php\/wp-json\/wp\/v2\/comments?post=833"}],"version-history":[{"count":91,"href":"https:\/\/usa.coicom.com\/index.php\/wp-json\/wp\/v2\/pages\/833\/revisions"}],"predecessor-version":[{"id":1019,"href":"https:\/\/usa.coicom.com\/index.php\/wp-json\/wp\/v2\/pages\/833\/revisions\/1019"}],"wp:attachment":[{"href":"https:\/\/usa.coicom.com\/index.php\/wp-json\/wp\/v2\/media?parent=833"}],"curies":[{"name":"wp","href":"https:\/\/api.w.org\/{rel}","templated":true}]}}