{"id":777,"date":"2025-06-05T13:26:11","date_gmt":"2025-06-05T13:26:11","guid":{"rendered":"https:\/\/usa.coicom.com\/?page_id=777"},"modified":"2025-06-09T18:40:21","modified_gmt":"2025-06-09T18:40:21","slug":"dia-2","status":"publish","type":"page","link":"https:\/\/usa.coicom.com\/index.php\/dia-2\/","title":{"rendered":"Dia 2"},"content":{"rendered":"\t\t<div data-elementor-type=\"wp-page\" data-elementor-id=\"777\" class=\"elementor elementor-777\">\n\t\t\t\t<div class=\"elementor-element elementor-element-15346d7 e-flex e-con-boxed e-con e-parent\" data-id=\"15346d7\" data-element_type=\"container\" data-e-type=\"container\">\n\t\t\t\t\t<div class=\"e-con-inner\">\n\t\t\t\t<div class=\"elementor-element elementor-element-0078227 elementor-widget elementor-widget-heading\" data-id=\"0078227\" data-element_type=\"widget\" data-e-type=\"widget\" data-widget_type=\"heading.default\">\n\t\t\t\t<div class=\"elementor-widget-container\">\n\t\t\t\t\t<h2 class=\"elementor-heading-title elementor-size-default\">MARTES 24<\/h2>\t\t\t\t<\/div>\n\t\t\t\t<\/div>\n\t\t\t\t<div class=\"elementor-element elementor-element-bb761dc elementor-widget-divider--view-line elementor-widget elementor-widget-divider\" data-id=\"bb761dc\" data-element_type=\"widget\" data-e-type=\"widget\" data-widget_type=\"divider.default\">\n\t\t\t\t<div class=\"elementor-widget-container\">\n\t\t\t\t\t\t\t<div class=\"elementor-divider\">\n\t\t\t<span class=\"elementor-divider-separator\">\n\t\t\t\t\t\t<\/span>\n\t\t<\/div>\n\t\t\t\t\t\t<\/div>\n\t\t\t\t<\/div>\n\t\t\t\t\t<\/div>\n\t\t\t\t<\/div>\n\t\t<div class=\"elementor-element elementor-element-f8b4b7a e-flex e-con-boxed e-con e-parent\" data-id=\"f8b4b7a\" data-element_type=\"container\" data-e-type=\"container\">\n\t\t\t\t\t<div class=\"e-con-inner\">\n\t\t\t\t<div class=\"elementor-element elementor-element-e602e8f elementor-widget elementor-widget-timeline-widget-addon\" data-id=\"e602e8f\" data-element_type=\"widget\" data-e-type=\"widget\" data-widget_type=\"timeline-widget-addon.default\">\n\t\t\t\t<div class=\"elementor-widget-container\">\n\t\t\t\t\t<!-- ========= Timeline Widget Addon For Elementor 1.6.24 ========= -->\n<div id=\"twae-wrapper-e602e8f\" class=\"twae-vertical twae-wrapper  twae-vertical-right\">   \n    <div class=\"twae-start\"><\/div>    \n    <div id=\"twea-timeline-e602e8f\" class=\"twae-timeline\" ><!-- Start of Story Repeater Content --><div id=\"story-7248c77\" class=\"twae-story twae-repeater-item twae-story-right twae-story-no-icon\"><!-- Story Label --><div class=\"twae-labels\"><div class=\"twae-label-big\">09:00 AM<\/div><div class=\"twae-label-small\">MARTES 24<\/div><\/div><!-- Story Icon --><div class=\"twae-icon\"><i aria-hidden=\"true\" class=\"far fa-clock\"><\/i><\/div><!-- Story Arrow --><div class=\"twae-arrow\"><\/div><!-- Start of Story Content --><div class=\"twae-content\"><!-- Story Title --><div class=\"twae-title\">Apertura FEXPOCOM<\/div><\/div><\/div><!-- Start of Story Repeater Content --><div id=\"story-2c965ba\" class=\"twae-story twae-repeater-item twae-story-right twae-story-no-icon\"><!-- Story Label --><div class=\"twae-labels\"><div class=\"twae-label-big\">9:30 AM - 10:30 AM<\/div><div class=\"twae-label-small\">MARTES 24<\/div><\/div><!-- Story Icon --><div class=\"twae-icon\"><i aria-hidden=\"true\" class=\"far fa-clock\"><\/i><\/div><!-- Story Arrow --><div class=\"twae-arrow\"><\/div><!-- Start of Story Content --><div class=\"twae-content\"><!-- Story Title --><div class=\"twae-title\">PLENARIA 2<\/div><!-- Story Description --><div class=\"twae-description\"><h4><strong>Tema: Testigos Veraces<\/strong><\/h4><ul><li><strong>Orador<\/strong>: Basilio Pati\u00f1o<\/li><li><strong>M\u00fasica<\/strong>: RED Worship\u00a0<\/li><li><strong>Patrocinador<\/strong>: CRU<\/li><li><strong>Sal\u00f3n<\/strong>: Auditorio Principal<\/li><\/ul><\/div><\/div><\/div><!-- Start of Story Repeater Content --><div id=\"story-e33a377\" class=\"twae-story twae-repeater-item twae-story-right twae-story-no-icon\"><!-- Story Label --><div class=\"twae-labels\"><div class=\"twae-label-big\">10:30 AM - 11:00 AM<\/div><div class=\"twae-label-small\">MARTES 24<\/div><\/div><!-- Story Icon --><div class=\"twae-icon\"><i aria-hidden=\"true\" class=\"far fa-clock\"><\/i><\/div><!-- Story Arrow --><div class=\"twae-arrow\"><\/div><!-- Start of Story Content --><div class=\"twae-content\"><!-- Story Title --><div class=\"twae-title\">RECESO<\/div><\/div><\/div><!-- Start of Story Repeater Content --><div id=\"story-9f03cb9\" class=\"twae-story twae-repeater-item twae-story-right twae-story-no-icon\"><!-- Story Label --><div class=\"twae-labels\"><div class=\"twae-label-big\">11:00 AM - 12:00 PM<\/div><div class=\"twae-label-small\">MARTES 24<\/div><\/div><!-- Story Icon --><div class=\"twae-icon\"><i aria-hidden=\"true\" class=\"far fa-clock\"><\/i><\/div><!-- Story Arrow --><div class=\"twae-arrow\"><\/div><!-- Start of Story Content --><div class=\"twae-content\"><!-- Story Title --><div class=\"twae-title\">COICOM TALK 1<\/div><!-- Story Description --><div class=\"twae-description\"><ol><li><strong>Habilidades de comunicaci\u00f3n asertiva frente a la IA: <\/strong>Sonia Gonz\u00e1lez Boysen<\/li><li><strong>Iglesia Disruptiva: <\/strong>Steve Cordon<\/li><li><strong>Pol\u00edtica, Religi\u00f3n y Cultura: <\/strong>Juan Carlos Hasbun<\/li><\/ol><p><strong>Sal\u00f3n<\/strong>: Auditorio Principal<\/p><\/div><\/div><\/div><!-- Start of Story Repeater Content --><div id=\"story-e54cca7\" class=\"twae-story twae-repeater-item twae-story-right twae-story-no-icon\"><!-- Story Label --><div class=\"twae-labels\"><div class=\"twae-label-big\">12:00 PM - 1:30 PM<\/div><div class=\"twae-label-small\">MARTES 24<\/div><\/div><!-- Story Icon --><div class=\"twae-icon\"><i aria-hidden=\"true\" class=\"far fa-clock\"><\/i><\/div><!-- Story Arrow --><div class=\"twae-arrow\"><\/div><!-- Start of Story Content --><div class=\"twae-content\"><!-- Story Title --><div class=\"twae-title\">TIEMPO DE ALMUERZO<\/div><!-- Story Description --><div class=\"twae-description\"><h4><strong>Almuerzo de Pastores auspiciado por Samaritan's Purse <\/strong><\/h4><ul><li><strong><u>NOTA<\/u><\/strong><strong>: Por Invitaci\u00f3n Solamente \u2013 Requiere Ticket<\/strong><\/li><li><strong>Conferencista<\/strong>: Angel Jordan<\/li><li><strong>Sal\u00f3n<\/strong>: Majestic<\/li><\/ul><\/div><\/div><\/div><!-- Start of Story Repeater Content --><div id=\"story-b4b2a40\" class=\"twae-story twae-repeater-item twae-story-right twae-story-no-icon\"><!-- Story Label --><div class=\"twae-labels\"><div class=\"twae-label-big\">01:30 PM - 02:30 PM<\/div><div class=\"twae-label-small\">MARTES 24<\/div><\/div><!-- Story Icon --><div class=\"twae-icon\"><i aria-hidden=\"true\" class=\"far fa-clock\"><\/i><\/div><!-- Story Arrow --><div class=\"twae-arrow\"><\/div><!-- Start of Story Content --><div class=\"twae-content\"><!-- Story Title --><div class=\"twae-title\">PANEL F\u00d3RUM 1<\/div><!-- Story Description --><div class=\"twae-description\"><h4><strong>Tema: Inteligencia Artificial y Metaverso: Desaf\u00edos y Oportunidades para la Iglesia<\/strong><\/h4><ul><li><strong>Conferencistas<\/strong>: Vladimir Lugo; Pablo Mu\u00f1iz; Jos\u00e9 Alejandro S\u00e1nchez<\/li><li><strong>Moderador<\/strong>: Arnold Enns<\/li><li><strong>Sal\u00f3n<\/strong>: Auditorio Principal<\/li><\/ul><\/div><\/div><\/div><!-- Start of Story Repeater Content --><div id=\"story-065832b\" class=\"twae-story twae-repeater-item twae-story-right twae-story-no-icon\"><!-- Story Label --><div class=\"twae-labels\"><div class=\"twae-label-big\">02:30 PM - 03:30 PM<\/div><div class=\"twae-label-small\">MARTES 24<\/div><\/div><!-- Story Icon --><div class=\"twae-icon\"><i aria-hidden=\"true\" class=\"far fa-clock\"><\/i><\/div><!-- Story Arrow --><div class=\"twae-arrow\"><\/div><!-- Start of Story Content --><div class=\"twae-content\"><!-- Story Title --><div class=\"twae-title\">RECESO<\/div><\/div><\/div><!-- Start of Story Repeater Content --><div id=\"story-8b04ab8\" class=\"twae-story twae-repeater-item twae-story-right twae-story-no-icon\"><!-- Story Label --><div class=\"twae-labels\"><div class=\"twae-label-big\">3:30 PM - 4:30 PM<\/div><div class=\"twae-label-small\">MARTES 24<\/div><\/div><!-- Story Icon --><div class=\"twae-icon\"><i aria-hidden=\"true\" class=\"far fa-clock\"><\/i><\/div><!-- Story Arrow --><div class=\"twae-arrow\"><\/div><!-- Start of Story Content --><div class=\"twae-content\"><!-- Story Title --><div class=\"twae-title\">TALLERES 1<\/div><!-- Story Description --><div class=\"twae-description\"><h3><strong>Tema: Iglesia Creativa<\/strong><\/h3><ul><li><strong>Conferencista<\/strong>: Benjam\u00edn Rivera<\/li><li><strong>Sal\u00f3n<\/strong>: Majestic<\/li><li><strong>Resumen<\/strong>:<p>Las Iglesias creativas conectan con las nuevas generaciones, comunican el mensaje de Cristo con relevancia y rompen barreras culturales para transformar vidas en un mundo cada vez m\u00e1s visual y digital.<\/p><\/li><\/ul><hr \/><h5>\u00a0<\/h5><h3><strong>Tema: Las 3 Marcas de una iglesia de Alto Impacto<\/strong><\/h3><ul><li><strong>Conferencista<\/strong>: David Tamez<\/li><li><strong>Sal\u00f3n<\/strong>: Rebecca<\/li><li><strong>Resumen<\/strong>: Personas nuevas viniendo a Cristo \u00bfPor qu\u00e9 no llegan? Nuevos creyentes creciendo espiritualmente - Un discipulado que funciona. Iglesias satisfaciendo necesidades - atrapa el coraz\u00f3n de tu comunidad.<\/li><\/ul><hr \/><h3><strong>Tema: Rol del Pastor navegando el sistema migratorio actual en los Estados Unidos<\/strong><\/h3><ul><li><strong>Conferencista<\/strong>: Yolanda Alcozer<\/li><li><strong>Sal\u00f3n<\/strong>: Pentecost\u00e9s<\/li><li><strong>Resumen<\/strong>: Aprende como ser un apoyo clave para tu congregaci\u00f3n inmigrante. Conoce derechos, nuevas pol\u00edticas y herramientas para guiar, ayudar y fortalecer a tu congregaci\u00f3n en este tiempo donde hay tantos cambios migratorios en los Estados Unidos.<\/li><\/ul><hr \/><h3><strong>Tema: Tecnolog\u00eda y Medios para influenciar la Cultura<\/strong><\/h3><ul><li><strong>Conferencista<\/strong>: Steve Cordon<\/li><li><strong>Sal\u00f3n<\/strong>: Sara<\/li><li><strong>Resumen<\/strong>:<p>Descubre ejemplos y estrategias de c\u00f3mo pueden las iglesias y las organizaciones realizar proyectos innovadores usando la tecnolog\u00eda y los medios para tener un impacto real en la cultura, con pasos claros, un pensamiento disruptivo y casos actuales.<\/p><\/li><\/ul><hr \/><h3><strong>Tema: Creaci\u00f3n de contenidos y el uso de la IA<\/strong><\/h3><ul><li><strong>Conferencista<\/strong>: Pablo Mu\u00f1iz<\/li><li><strong>Sal\u00f3n<\/strong>: Gede\u00f3n<\/li><li><strong>Resumen<\/strong>: Estrategias para que nuestra iglesia o instituci\u00f3n, puedan crear contenidos que alcancen a nuestra audiencia con nuestro mensaje. Conoceremos diferentes formatos que podemos utilizar para ser efectivos y el uso de herramientas AI para facilitar los procesos de producci\u00f3n.<\/li><\/ul><hr \/><h3><strong>Tema: Como hacer Radio Cristiana de \u00e9xito<\/strong><\/h3><ul><li><strong>Conferencista<\/strong>: Miguel Jacinto<\/li><li><strong>Sal\u00f3n<\/strong>: Abraham<\/li><li><strong>Resumen<\/strong>: El presente taller capacita al participante a entender e implementar las bases de la comunicaci\u00f3n cristiana, la redacci\u00f3n de libretos y la grabaci\u00f3n de programas radiales tomando en cuenta la audiencia a la que desea inspirar.<\/li><\/ul><\/div><\/div><\/div><!-- Start of Story Repeater Content --><div id=\"story-37901b5\" class=\"twae-story twae-repeater-item twae-story-right twae-story-no-icon\"><!-- Story Label --><div class=\"twae-labels\"><div class=\"twae-label-big\">04:30 PM - 05:00 PM<\/div><div class=\"twae-label-small\">MARTES 24<\/div><\/div><!-- Story Icon --><div class=\"twae-icon\"><i aria-hidden=\"true\" class=\"far fa-clock\"><\/i><\/div><!-- Story Arrow --><div class=\"twae-arrow\"><\/div><!-- Start of Story Content --><div class=\"twae-content\"><!-- Story Title --><div class=\"twae-title\">RECESO<\/div><\/div><\/div><!-- Start of Story Repeater Content --><div id=\"story-1fc7588\" class=\"twae-story twae-repeater-item twae-story-right twae-story-no-icon\"><!-- Story Label --><div class=\"twae-labels\"><div class=\"twae-label-big\">05:00 PM - 06:00 PM<\/div><div class=\"twae-label-small\">MARTES 24<\/div><\/div><!-- Story Icon --><div class=\"twae-icon\"><i aria-hidden=\"true\" class=\"far fa-clock\"><\/i><\/div><!-- Story Arrow --><div class=\"twae-arrow\"><\/div><!-- Start of Story Content --><div class=\"twae-content\"><!-- Story Title --><div class=\"twae-title\">TALLERES 2<\/div><!-- Story Description --><div class=\"twae-description\"><h3><strong>Tema: El perd\u00f3n sana el coraz\u00f3n<\/strong><\/h3><ul><li><strong>Conferencista<\/strong>: Ernesto Pinto<\/li><li><strong>Sal\u00f3n<\/strong>: Majestic<\/li><li><strong>Resumen<\/strong>: Un buen resumen de c\u00f3mo el perd\u00f3n como un estilo de vida, nos puede sanar de nuestras de heridas emocionales.<\/li><\/ul><hr \/><h3>\u00a0<\/h3><h3><strong>Tema: Liderazgo Transgeneracional<\/strong><\/h3><ul><li><strong>Conferencista<\/strong>: Juan Carlos Hasbun<\/li><li><strong>Sal\u00f3n<\/strong>: Rebecca<\/li><\/ul><hr \/><h3>\u00a0<\/h3><h3><strong>Tema: Iglesia del Futuro sirviendo con misericordia y compasi\u00f3n<\/strong><\/h3><ul><li><strong>Conferencista<\/strong>: Angel Jordan<\/li><li><strong>Sal\u00f3n<\/strong>: Pentecost\u00e9s<\/li><li><strong>Resumen<\/strong>:<p>La Iglesia Hispana tiene una oportunidad \u00fanica: ser fuerza transformadora en un pa\u00eds multicultural. Con fe y resiliencia, somos clave en el plan de Dios para este tiempo. \u00a1El futuro es ahora, y somos parte esencial de \u00e9l!<\/p><\/li><\/ul><hr \/><h3>\u00a0<\/h3><h3><span style=\"color: #ff0000\"><strong>CURSO ESPECIALIZACION IA<\/strong><\/span><\/h3><ul><li><strong><u>NOTA<\/u><\/strong><strong>:<\/strong> Este Curso con Certificaci\u00f3n tendr\u00e1 5 M\u00f3dulos: 2 Presenciales y 3 Online Post-COICOM 2025<\/li><\/ul><h5><strong>MODULO 1: Introducci\u00f3n a la Inteligencia Artificial y su Impacto en la Comunicaci\u00f3n Cristiana<\/strong><\/h5><ul><li><strong>Conferencista<\/strong>: Vladimir Lugo<\/li><li><strong>Sal\u00f3n<\/strong>: Sara<\/li><li><strong>Resumen<\/strong>:<p>Introducir a los participantes en el concepto de Inteligencia Artificial (IA) y c\u00f3mo puede ser aplicada espec\u00edficamente en el contexto de la comunicaci\u00f3n cristiana. Se abordar\u00e1n los fundamentos de la IA, sus aplicaciones en ministerios y las herramientas disponibles para facilitar la creaci\u00f3n de contenido.<\/p><\/li><\/ul><hr \/><h3>\u00a0<\/h3><h3><strong>Tema: Pasos esenciales para escribir canciones congregacionales (Parte 1)<\/strong><\/h3><ul><li><strong>Conferencista<\/strong>: Juan Salinas<\/li><li><strong>Sal\u00f3n<\/strong>: Gede\u00f3n<\/li><\/ul><hr \/><h3>\u00a0<\/h3><h3><strong>Tema: Concepto, creaci\u00f3n e implementaci\u00f3n de un programa multiplataforma<\/strong><\/h3><ul><li><strong>Conferencista<\/strong>: Esteban Larrosa<\/li><li><strong>Sal\u00f3n<\/strong>: Abraham<\/li><li><strong>Resumen<\/strong>:<p>: En un mundo de audiencias fragmentadas nuestro contenido y estilo de comunicaci\u00f3n debe tener la flexibilidad para ser procesado a trav\u00e9s de una diversidad de canales, tanto digitales como anal\u00f3gicos, texto, audio, imagen y video... o ellos todo combinado.<\/p><\/li><\/ul><\/div><\/div><\/div><!-- Start of Story Repeater Content --><div id=\"story-f0c6ebd\" class=\"twae-story twae-repeater-item twae-story-right twae-story-no-icon\"><!-- Story Label --><div class=\"twae-labels\"><div class=\"twae-label-big\">06:00 PM - 07:30 PM<\/div><div class=\"twae-label-small\">MARTES 24<\/div><\/div><!-- Story Icon --><div class=\"twae-icon\"><i aria-hidden=\"true\" class=\"far fa-clock\"><\/i><\/div><!-- Story Arrow --><div class=\"twae-arrow\"><\/div><!-- Start of Story Content --><div class=\"twae-content\"><!-- Story Title --><div class=\"twae-title\">TIEMPO DE CENA<\/div><\/div><\/div><!-- Start of Story Repeater Content --><div id=\"story-f2e11d2\" class=\"twae-story twae-repeater-item twae-story-right twae-story-no-icon\"><!-- Story Label --><div class=\"twae-labels\"><div class=\"twae-label-big\">07:30 PM - 09:00 PM<\/div><div class=\"twae-label-small\">MARTES 24<\/div><\/div><!-- Story Icon --><div class=\"twae-icon\"><i aria-hidden=\"true\" class=\"far fa-clock\"><\/i><\/div><!-- Story Arrow --><div class=\"twae-arrow\"><\/div><!-- Start of Story Content --><div class=\"twae-content\"><!-- Story Title --><div class=\"twae-title\">PLENARIA 3<\/div><!-- Story Description --><div class=\"twae-description\"><h3><strong>Tema: Legado<\/strong><\/h3><ul><li><strong>Orador<\/strong>: Alberto Mottesi\u00a0<\/li><li><strong>M\u00fasica<\/strong>: RED Worship\u00a0<\/li><li><strong>Patrocinadores<\/strong>: Escuela de Gobierno y Ciencias Pol\u00edticas; Hope of Life; Vacaciones con Vision; ISRAEL<\/li><li><strong>Sal\u00f3n<\/strong>: Auditorio Principal<\/li><\/ul><\/div><\/div><\/div><!-- Start of Story Repeater Content --><div id=\"story-dfc35d5\" class=\"twae-story twae-repeater-item twae-story-right twae-story-no-icon\"><!-- Story Label --><div class=\"twae-labels\"><div class=\"twae-label-big\">09:00 PM<\/div><div class=\"twae-label-small\">MARTES 24<\/div><\/div><!-- Story Icon --><div class=\"twae-icon\"><i aria-hidden=\"true\" class=\"far fa-clock\"><\/i><\/div><!-- Story Arrow --><div class=\"twae-arrow\"><\/div><!-- Start of Story Content --><div class=\"twae-content\"><!-- Story Title --><div class=\"twae-title\">Cierre de  FEXPOCOM<\/div><\/div><\/div><\/div>\n    <div class=\"twae-end\"><\/div>\n    <\/div><style type=\"text\/css\">@media (max-width: 1024px){ .twae-wrapper{--tw-ybx-size: 80px !important;}}@media (max-width: 767px){ .twae-wrapper{--tw-ybx-size: 80px !important}}<\/style>\t\t\t\t<\/div>\n\t\t\t\t<\/div>\n\t\t\t\t\t<\/div>\n\t\t\t\t<\/div>\n\t\t<div class=\"elementor-element elementor-element-c6eb3b1 e-flex e-con-boxed e-con e-parent\" data-id=\"c6eb3b1\" data-element_type=\"container\" data-e-type=\"container\">\n\t\t\t\t\t<div class=\"e-con-inner\">\n\t\t\t\t<div class=\"elementor-element elementor-element-5773199 elementor-widget elementor-widget-spacer\" data-id=\"5773199\" data-element_type=\"widget\" data-e-type=\"widget\" data-widget_type=\"spacer.default\">\n\t\t\t\t<div class=\"elementor-widget-container\">\n\t\t\t\t\t\t\t<div class=\"elementor-spacer\">\n\t\t\t<div class=\"elementor-spacer-inner\"><\/div>\n\t\t<\/div>\n\t\t\t\t\t\t<\/div>\n\t\t\t\t<\/div>\n\t\t\t\t\t<\/div>\n\t\t\t\t<\/div>\n\t\t\t\t<\/div>\n\t\t","protected":false},"excerpt":{"rendered":"<p>MARTES 24 09:00 AMMARTES 24Apertura FEXPOCOM9:30 AM &#8211; 10:30 AMMARTES 24PLENARIA 2 Tema: Testigos Veraces Orador: Basilio Pati\u00f1o M\u00fasica: RED [&hellip;]<\/p>\n","protected":false},"author":2,"featured_media":0,"parent":0,"menu_order":0,"comment_status":"closed","ping_status":"closed","template":"","meta":{"_eb_attr":"","site-sidebar-layout":"no-sidebar","site-content-layout":"","ast-site-content-layout":"full-width-container","site-content-style":"default","site-sidebar-style":"default","ast-global-header-display":"","ast-banner-title-visibility":"","ast-main-header-display":"","ast-hfb-above-header-display":"","ast-hfb-below-header-display":"","ast-hfb-mobile-header-display":"","site-post-title":"disabled","ast-breadcrumbs-content":"","ast-featured-img":"disabled","footer-sml-layout":"","ast-disable-related-posts":"","theme-transparent-header-meta":"","adv-header-id-meta":"","stick-header-meta":"","header-above-stick-meta":"","header-main-stick-meta":"","header-below-stick-meta":"","astra-migrate-meta-layouts":"default","ast-page-background-enabled":"default","ast-page-background-meta":{"desktop":{"background-color":"var(--ast-global-color-5)","background-image":"","background-repeat":"repeat","background-position":"center center","background-size":"auto","background-attachment":"scroll","background-type":"","background-media":"","overlay-type":"","overlay-color":"","overlay-opacity":"","overlay-gradient":""},"tablet":{"background-color":"","background-image":"","background-repeat":"repeat","background-position":"center center","background-size":"auto","background-attachment":"scroll","background-type":"","background-media":"","overlay-type":"","overlay-color":"","overlay-opacity":"","overlay-gradient":""},"mobile":{"background-color":"","background-image":"","background-repeat":"repeat","background-position":"center center","background-size":"auto","background-attachment":"scroll","background-type":"","background-media":"","overlay-type":"","overlay-color":"","overlay-opacity":"","overlay-gradient":""}},"ast-content-background-meta":{"desktop":{"background-color":"var(--ast-global-color-4)","background-image":"","background-repeat":"repeat","background-position":"center center","background-size":"auto","background-attachment":"scroll","background-type":"","background-media":"","overlay-type":"","overlay-color":"","overlay-opacity":"","overlay-gradient":""},"tablet":{"background-color":"var(--ast-global-color-4)","background-image":"","background-repeat":"repeat","background-position":"center center","background-size":"auto","background-attachment":"scroll","background-type":"","background-media":"","overlay-type":"","overlay-color":"","overlay-opacity":"","overlay-gradient":""},"mobile":{"background-color":"var(--ast-global-color-4)","background-image":"","background-repeat":"repeat","background-position":"center center","background-size":"auto","background-attachment":"scroll","background-type":"","background-media":"","overlay-type":"","overlay-color":"","overlay-opacity":"","overlay-gradient":""}},"footnotes":""},"class_list":["post-777","page","type-page","status-publish","hentry"],"_links":{"self":[{"href":"https:\/\/usa.coicom.com\/index.php\/wp-json\/wp\/v2\/pages\/777","targetHints":{"allow":["GET"]}}],"collection":[{"href":"https:\/\/usa.coicom.com\/index.php\/wp-json\/wp\/v2\/pages"}],"about":[{"href":"https:\/\/usa.coicom.com\/index.php\/wp-json\/wp\/v2\/types\/page"}],"author":[{"embeddable":true,"href":"https:\/\/usa.coicom.com\/index.php\/wp-json\/wp\/v2\/users\/2"}],"replies":[{"embeddable":true,"href":"https:\/\/usa.coicom.com\/index.php\/wp-json\/wp\/v2\/comments?post=777"}],"version-history":[{"count":91,"href":"https:\/\/usa.coicom.com\/index.php\/wp-json\/wp\/v2\/pages\/777\/revisions"}],"predecessor-version":[{"id":973,"href":"https:\/\/usa.coicom.com\/index.php\/wp-json\/wp\/v2\/pages\/777\/revisions\/973"}],"wp:attachment":[{"href":"https:\/\/usa.coicom.com\/index.php\/wp-json\/wp\/v2\/media?parent=777"}],"curies":[{"name":"wp","href":"https:\/\/api.w.org\/{rel}","templated":true}]}}